{"id":14,"date":"2020-08-15T11:13:17","date_gmt":"2020-08-15T11:13:17","guid":{"rendered":"http:\/\/katfilepremium.net\/?page_id=14"},"modified":"2022-06-02T17:55:07","modified_gmt":"2022-06-02T17:55:07","slug":"home","status":"publish","type":"page","link":"https:\/\/katfilepremium.net\/vi\/","title":{"rendered":"KatFile"},"content":{"rendered":"<div id=\"featured-content\" class=\"grid col-460\">\n<h1 class=\"featured-title\" style=\"text-align: center;\">KATFILE<\/h1>\n<p style=\"text-align: center;\"><strong>Store your important files online using KatFile Cloud hosting, upload and retrieve them from any computer.<\/strong><\/p>\n<p style=\"text-align: center;\"><a class=\"maxbutton-2 maxbutton\" href=\"https:\/\/katfilepremium.net\/signup\"><span class='mb-text'>GO TO KATFILE<\/span><\/a><\/p>\n<p style=\"text-align: center;\">Registration is cost free. Just provide email , password and you are set!<\/p>\n<p style=\"text-align: center;\">If you are a Content maker such as video, music or simply a normal person and you have your own digital materials, and you are looking for a place to store it online,\u00a0 Katfile is the right place for you to store it safety and reliability. Whatever you connect to the Internet through your desktop, laptop, tab, or any other smart device you always have the ability to access your digital materials in KatFile from any location in the world. You can also share it with your family, friends, and audience by providing them the URL addresses that would be generated after you upload your materials to KatFile.<\/p>\n<p style=\"text-align: center;\"><strong>Register with QR code<\/strong><br \/>\n<a href=\"https:\/\/katfilepremium.net\/signup\"><img loading=\"lazy\" decoding=\"async\" class=\"aligncenter wp-image-77\" src=\"https:\/\/katfilepremium.net\/wp-content\/uploads\/2020\/08\/katfile-signup-qr-code.png\" alt=\"Katfile QR code\" width=\"104\" height=\"104\" srcset=\"https:\/\/katfilepremium.net\/wp-content\/uploads\/2020\/08\/katfile-signup-qr-code.png 660w, https:\/\/katfilepremium.net\/wp-content\/uploads\/2020\/08\/katfile-signup-qr-code-300x300.png 300w, https:\/\/katfilepremium.net\/wp-content\/uploads\/2020\/08\/katfile-signup-qr-code-150x150.png 150w, https:\/\/katfilepremium.net\/wp-content\/uploads\/2020\/08\/katfile-signup-qr-code-100x100.png 100w, https:\/\/katfilepremium.net\/wp-content\/uploads\/2020\/08\/katfile-signup-qr-code-200x200.png 200w, https:\/\/katfilepremium.net\/wp-content\/uploads\/2020\/08\/katfile-signup-qr-code-450x450.png 450w, https:\/\/katfilepremium.net\/wp-content\/uploads\/2020\/08\/katfile-signup-qr-code-600x600.png 600w\" sizes=\"auto, (max-width: 104px) 100vw, 104px\" \/><\/a><\/p>\n<p>&nbsp;<\/p>\n<\/div>\n<div id=\"featured-image\" class=\"grid col-460 fit\">\n<p><img loading=\"lazy\" decoding=\"async\" class=\"aligncenter size-full wp-image-23\" src=\"http:\/\/katfilepremium.net\/wp-content\/uploads\/2020\/08\/katfile-premium-account.png\" alt=\"\" width=\"279\" height=\"280\" srcset=\"https:\/\/katfilepremium.net\/wp-content\/uploads\/2020\/08\/katfile-premium-account.png 279w, https:\/\/katfilepremium.net\/wp-content\/uploads\/2020\/08\/katfile-premium-account-150x151.png 150w, https:\/\/katfilepremium.net\/wp-content\/uploads\/2020\/08\/katfile-premium-account-100x100.png 100w, https:\/\/katfilepremium.net\/wp-content\/uploads\/2020\/08\/katfile-premium-account-200x201.png 200w\" sizes=\"auto, (max-width: 279px) 100vw, 279px\" \/><\/p>\n<p style=\"text-align: center;\">Usually when you are using any online file hosting site you need to wait for long time so that your download starts.\u00a0 When you are using features for free they have certain limitations. If you are expecting to get maximum download speed for free then you are out of luck. KatFile is already providing you with great features and if you are willing to get more then you need to spend some money. If you are sure that you will be using the premium account for short amount of time and you don\u2019t want much downloads then you can start with the 30 days plan. For 30 days you need to pay $18.99 and you will get all extra features.<\/p>\n<p style=\"text-align: center;\">If you are having a premium account then you will not be facing the waiting time issue. You will not need to wait for any download. The premium plans include 30 days , 90 days , 365 days\u00a0 and the LIFETIME one. It is up to you to grab the best offer at the right time. If you are willing to take advantage of premium account for long time then lifetime premium package is much advisable.<\/p>\n<\/div>\n<p>&nbsp;<\/p>\n<table style=\"border-collapse: collapse; width: 100%; height: 61px;\">\n<tbody>\n<tr style=\"height: 24px;\">\n<td style=\"width: 33.3333%; height: 61px;\">\n<p style=\"text-align: center;\"><strong>Get the advantages of premium-account now!<\/strong><\/p>\n<p>&nbsp;<\/p>\n<p>&nbsp;<\/td>\n<td style=\"width: 33.3333%; height: 61px; text-align: center;\"><center><\/center><center><strong>Download speed with no limits<br \/>\nNo queues for file download<br \/>\nDownload files up to 20 Gigabytes<\/strong><br \/>\n<strong>Unlimited simultaneous downloads<br \/>\nNo ads<br \/>\nEase of use<\/strong>&nbsp;<\/p>\n<p><\/center><\/td>\n<td style=\"width: 33.3333%; height: 61px; text-align: center;\"><center><strong>All you need is a web browser. With Katfile you can share files with anyone who uses a PC or Mac. It\u2019s easy!<\/strong><\/center><\/td>\n<\/tr>\n<\/tbody>\n<\/table>\n<p>&nbsp;<\/p>\n<p><center><br \/>\n<iframe loading=\"lazy\" src=\"https:\/\/www.youtube-nocookie.com\/embed\/AAGU4EBltTQ\" width=\"560\" height=\"315\" frameborder=\"0\" allowfullscreen=\"allowfullscreen\"><\/iframe><\/center><\/p>\n","protected":false},"excerpt":{"rendered":"<p>KATFILE L\u01b0u tr\u1eef tr\u1ef1c tuy\u1ebfn c\u00e1c t\u1ec7p quan tr\u1ecdng c\u1ee7a b\u1ea1n b\u1eb1ng c\u00e1ch s\u1eed d\u1ee5ng d\u1ecbch v\u1ee5 l\u01b0u tr\u1eef \u0110\u00e1m m\u00e2y KatFile, t\u1ea3i l\u00ean v\u00e0 truy xu\u1ea5t ch\u00fang t\u1eeb b\u1ea5t k\u1ef3 m\u00e1y t\u00ednh n\u00e0o. \u0110\u0103ng k\u00fd mi\u1ec5n ph\u00ed. Ch\u1ec9 c\u1ea7n &hellip;<\/p>\n<p class=\"read-more\"> <a class=\"more-link\" href=\"https:\/\/katfilepremium.net\/vi\/\"> <span class=\"screen-reader-text\">KatFile<\/span> Read More &raquo;<\/a><\/p>\n","protected":false},"author":1,"featured_media":0,"parent":0,"menu_order":0,"comment_status":"closed","ping_status":"closed","template":"full-width-page.php","meta":{"footnotes":""},"class_list":["post-14","page","type-page","status-publish","hentry"],"_links":{"self":[{"href":"https:\/\/katfilepremium.net\/vi\/wp-json\/wp\/v2\/pages\/14","targetHints":{"allow":["GET"]}}],"collection":[{"href":"https:\/\/katfilepremium.net\/vi\/wp-json\/wp\/v2\/pages"}],"about":[{"href":"https:\/\/katfilepremium.net\/vi\/wp-json\/wp\/v2\/types\/page"}],"author":[{"embeddable":true,"href":"https:\/\/katfilepremium.net\/vi\/wp-json\/wp\/v2\/users\/1"}],"replies":[{"embeddable":true,"href":"https:\/\/katfilepremium.net\/vi\/wp-json\/wp\/v2\/comments?post=14"}],"version-history":[{"count":28,"href":"https:\/\/katfilepremium.net\/vi\/wp-json\/wp\/v2\/pages\/14\/revisions"}],"predecessor-version":[{"id":220,"href":"https:\/\/katfilepremium.net\/vi\/wp-json\/wp\/v2\/pages\/14\/revisions\/220"}],"wp:attachment":[{"href":"https:\/\/katfilepremium.net\/vi\/wp-json\/wp\/v2\/media?parent=14"}],"curies":[{"name":"wp","href":"https:\/\/api.w.org\/{rel}","templated":true}]}}